{"id":221,"date":"2026-03-08T18:46:51","date_gmt":"2026-03-08T17:46:51","guid":{"rendered":"https:\/\/www.evac.hu\/?page_id=221"},"modified":"2026-03-29T17:38:54","modified_gmt":"2026-03-29T15:38:54","slug":"fooldal","status":"publish","type":"page","link":"https:\/\/www.evac.hu\/","title":{"rendered":"F\u0151oldal"},"content":{"rendered":"\n<div class=\"wp-block-group\"><div class=\"wp-block-group__inner-container is-layout-constrained wp-block-group-is-layout-constrained\">\n<div class=\"wp-block-columns is-layout-flex wp-container-core-columns-is-layout-9d6595d7 wp-block-columns-is-layout-flex\">\n<div class=\"wp-block-column is-layout-flow wp-block-column-is-layout-flow\">\n<h2 class=\"wp-block-heading\">Magyar fejleszt\u00e9s\u0171 elektronikus v\u00e9szhelyzeti<br>riaszt\u00f3- \u00e9s hangos\u00edt\u00e1si rendszerek gy\u00e1rt\u00f3ja<\/h2>\n<\/div>\n<\/div>\n\n\n\n<p>Integr\u00e1lhat\u00f3, biztons\u00e1gkritikus infrastrukt\u00far\u00e1khoz tervezett rendszerek.<\/p>\n<\/div><\/div>\n\n\n\n<div class=\"wp-block-group\"><div class=\"wp-block-group__inner-container is-layout-constrained wp-block-group-is-layout-constrained\">\n<h2 class=\"wp-block-heading\">Mit gy\u00e1rt az EVAC?<\/h2>\n\n\n\n<p>Az EVAC elektronikus v\u00e9szhelyzeti riaszt\u00f3- \u00e9s hangos\u00edt\u00e1si rendszereket gy\u00e1rt, amelyek magukban foglalj\u00e1k:<\/p>\n\n\n\n<ul class=\"wp-block-list\">\n<li>Elektronikus szir\u00e9naegys\u00e9gek katasztr\u00f3fav\u00e9delmi \u00e9s ipari alkalmaz\u00e1sokhoz<\/li>\n\n\n\n<li>Belt\u00e9ri \u00e9s k\u00fclt\u00e9ri v\u00e9szhelyzeti hangos\u00edt\u00f3 rendszerek<\/li>\n\n\n\n<li>Riaszt\u00e1si vez\u00e9rl\u0151- \u00e9s kommunik\u00e1ci\u00f3s egys\u00e9gek<\/li>\n\n\n\n<li>Integr\u00e1ci\u00f3s interf\u00e9szek t\u0171zjelz\u0151 \u00e9s g\u00e1z\u00e9rz\u00e9kel\u0151 rendszerekhez<\/li>\n<\/ul>\n<\/div><\/div>\n\n\n\n<div class=\"wp-block-group\"><div class=\"wp-block-group__inner-container is-layout-constrained wp-block-group-is-layout-constrained\">\n<h2 class=\"wp-block-heading\">Rendszerszint\u0171 megk\u00f6zel\u00edt\u00e9s<\/h2>\n\n\n\n<p>A v\u00e9szhelyzeti riaszt\u00e1s nem \u00f6n\u00e1ll\u00f3 eszk\u00f6z, hanem infrastrukt\u00fara.<\/p>\n\n\n\n<figure class=\"wp-block-image size-large\"><img loading=\"lazy\" decoding=\"async\" width=\"1024\" height=\"134\" src=\"https:\/\/www.evac.hu\/wp-content\/uploads\/2026\/03\/rendszerarchitektura-3-1024x134.png\" alt=\"\" class=\"wp-image-236\" srcset=\"https:\/\/www.evac.hu\/wp-content\/uploads\/2026\/03\/rendszerarchitektura-3-1024x134.png 1024w, https:\/\/www.evac.hu\/wp-content\/uploads\/2026\/03\/rendszerarchitektura-3-300x39.png 300w, https:\/\/www.evac.hu\/wp-content\/uploads\/2026\/03\/rendszerarchitektura-3-768x100.png 768w, https:\/\/www.evac.hu\/wp-content\/uploads\/2026\/03\/rendszerarchitektura-3-1536x201.png 1536w, https:\/\/www.evac.hu\/wp-content\/uploads\/2026\/03\/rendszerarchitektura-3-2048x268.png 2048w\" sizes=\"auto, (max-width: 1024px) 100vw, 1024px\" \/><\/figure>\n\n\n\n<p>Term\u00e9keink:<\/p>\n\n\n\n<ul class=\"wp-block-list\">\n<li>dokument\u00e1lt rendszerarchitekt\u00far\u00e1ra \u00e9p\u00fclnek<\/li>\n\n\n\n<li>integr\u00e1lhat\u00f3k megl\u00e9v\u0151 biztons\u00e1gi rendszerekbe<\/li>\n\n\n\n<li>sk\u00e1l\u00e1zhat\u00f3k belt\u00e9ri \u00e9s k\u00fclt\u00e9ri alkalmaz\u00e1sokra<\/li>\n\n\n\n<li>hossz\u00fa t\u00e1v\u00fa \u00fczemeltet\u00e9sre tervezettek<\/li>\n<\/ul>\n\n\n\n<p>A c\u00e9l minden esetben egy \u00fczembiztos, valid\u00e1lhat\u00f3 \u00e9s fenntarthat\u00f3 rendszer kialak\u00edt\u00e1sa.<\/p>\n<\/div><\/div>\n\n\n\n<div class=\"wp-block-group\"><div class=\"wp-block-group__inner-container is-layout-constrained wp-block-group-is-layout-constrained\">\n<h2 class=\"wp-block-heading\">Gy\u00e1rt\u00e1si \u00e9s fejleszt\u00e9si h\u00e1tt\u00e9r<\/h2>\n\n\n\n<p>Az EVAC saj\u00e1t fejleszt\u00e9s\u0171 hardver- \u00e9s firmware-megold\u00e1sokat alkalmaz.<br>Term\u00e9keink tervez\u00e9se \u00e9s gy\u00e1rt\u00e1sa Magyarorsz\u00e1gon t\u00f6rt\u00e9nik, ellen\u0151rz\u00f6tt besz\u00e1ll\u00edt\u00f3i l\u00e1nccal \u00e9s hossz\u00fa t\u00e1v\u00fa alkatr\u00e9szell\u00e1t\u00e1si szeml\u00e9lettel.<\/p>\n\n\n\n<ul class=\"wp-block-list\">\n<li>Saj\u00e1t elektronikai \u00e9s vez\u00e9rl\u0151fejleszt\u00e9s<\/li>\n\n\n\n<li>Modul\u00e1ris rendszerfel\u00e9p\u00edt\u00e9s<\/li>\n\n\n\n<li>Dokument\u00e1lt gy\u00e1rt\u00e1si folyamat<\/li>\n\n\n\n<li>Ipari k\u00f6rnyezetre optimaliz\u00e1lt kivitel<\/li>\n<\/ul>\n<\/div><\/div>\n\n\n\n<div class=\"wp-block-group\"><div class=\"wp-block-group__inner-container is-layout-constrained wp-block-group-is-layout-constrained\">\n<h2 class=\"wp-block-heading\">Rendszerintegr\u00e1torok sz\u00e1m\u00e1ra<\/h2>\n\n\n\n<p>Az EVAC rendszerei integr\u00e1lhat\u00f3k megl\u00e9v\u0151 t\u0171zjelz\u0151, g\u00e1z\u00e9rz\u00e9kel\u0151 \u00e9s biztons\u00e1gi infrastrukt\u00far\u00e1kba.<br>Rugalmas interf\u00e9szekkel \u00e9s konfigur\u00e1lhat\u00f3 m\u0171k\u00f6d\u00e9si logik\u00e1val t\u00e1mogatjuk a rendszerintegr\u00e1ci\u00f3t.<\/p>\n<\/div><\/div>\n\n\n\n<div class=\"wp-block-group\"><div class=\"wp-block-group__inner-container is-layout-constrained wp-block-group-is-layout-constrained\">\n<h2 class=\"wp-block-heading\">Technol\u00f3gia<\/h2>\n\n\n\n<p>Rendszereink tervez\u00e9se sor\u00e1n kiemelt szempont:<\/p>\n\n\n\n<ul class=\"wp-block-list\">\n<li>kommunik\u00e1ci\u00f3s redundancia<\/li>\n\n\n\n<li>fel\u00fcgyeleti \u00e9s visszajelz\u00e9si strukt\u00fara<\/li>\n\n\n\n<li>biztons\u00e1gkritikus m\u0171k\u00f6d\u00e9si logika<\/li>\n\n\n\n<li>hossz\u00fa t\u00e1v\u00fa alkatr\u00e9szell\u00e1t\u00e1s<\/li>\n<\/ul>\n\n\n\n<p>R\u00e9szletes m\u0171szaki megk\u00f6zel\u00edt\u00e9s\u00fcnkr\u0151l a <a href=\"https:\/\/www.evac.hu\/index.php\/technologia\/\" data-type=\"page\" data-id=\"273\">Technol\u00f3gia<\/a> men\u00fcpont alatt olvashat.<\/p>\n<\/div><\/div>\n\n\n\n<div class=\"wp-block-group\"><div class=\"wp-block-group__inner-container is-layout-constrained wp-block-group-is-layout-constrained\">\n<h2 class=\"wp-block-heading\">Tud\u00e1sk\u00f6zpont<\/h2>\n\n\n\n<p>Az EVAC rendszeresen publik\u00e1l m\u0171szaki elemz\u00e9seket \u00e9s tervez\u00e9si \u00fatmutat\u00f3kat a v\u00e9szhelyzeti riaszt\u00e1si \u00e9s hangos\u00edt\u00e1si rendszerek ter\u00fclet\u00e9n.<br>C\u00e9lunk a szakmai p\u00e1rbesz\u00e9d \u00e9s a j\u00f3 tervez\u00e9si gyakorlat er\u0151s\u00edt\u00e9se.<\/p>\n<\/div><\/div>\n\n\n\n<div class=\"wp-block-group\"><div class=\"wp-block-group__inner-container is-layout-constrained wp-block-group-is-layout-constrained\">\n<h2 class=\"wp-block-heading\">Kapcsolat<\/h2>\n\n\n\n<p>\u00daj rendszer tervez\u00e9se, moderniz\u00e1ci\u00f3 vagy integr\u00e1ci\u00f3s ig\u00e9ny eset\u00e9n vegye fel vel\u00fcnk a <a href=\"https:\/\/www.evac.hu\/index.php\/kapcsolat\/\" data-type=\"page\" data-id=\"75\">Kapcsolatot<\/a>.<\/p>\n<\/div><\/div>\n\n\n\n<p><\/p>\n","protected":false},"excerpt":{"rendered":"<p>Magyar fejleszt\u00e9s\u0171 elektronikus v\u00e9szhelyzetiriaszt\u00f3- \u00e9s hangos\u00edt\u00e1si rendszerek gy\u00e1rt\u00f3ja Integr\u00e1lhat\u00f3, biztons\u00e1gkritikus infrastrukt\u00far\u00e1khoz tervezett rendszerek. Mit gy\u00e1rt az EVAC? Az EVAC elektronikus v\u00e9szhelyzeti riaszt\u00f3- \u00e9s hangos\u00edt\u00e1si rendszereket gy\u00e1rt, amelyek magukban foglalj\u00e1k: Rendszerszint\u0171 megk\u00f6zel\u00edt\u00e9s A v\u00e9szhelyzeti riaszt\u00e1s nem \u00f6n\u00e1ll\u00f3 eszk\u00f6z, hanem infrastrukt\u00fara. Term\u00e9keink: A c\u00e9l minden esetben egy \u00fczembiztos, valid\u00e1lhat\u00f3 \u00e9s fenntarthat\u00f3 rendszer kialak\u00edt\u00e1sa. Gy\u00e1rt\u00e1si \u00e9s fejleszt\u00e9si h\u00e1tt\u00e9r &#8230; <a title=\"F\u0151oldal\" class=\"read-more\" href=\"https:\/\/www.evac.hu\/\" aria-label=\"Read more about F\u0151oldal\">Olvass tov\u00e1bb<\/a><\/p>\n","protected":false},"author":1,"featured_media":0,"parent":0,"menu_order":0,"comment_status":"closed","ping_status":"closed","template":"","meta":{"footnotes":""},"class_list":["post-221","page","type-page","status-publish"],"_links":{"self":[{"href":"https:\/\/www.evac.hu\/index.php\/wp-json\/wp\/v2\/pages\/221","targetHints":{"allow":["GET"]}}],"collection":[{"href":"https:\/\/www.evac.hu\/index.php\/wp-json\/wp\/v2\/pages"}],"about":[{"href":"https:\/\/www.evac.hu\/index.php\/wp-json\/wp\/v2\/types\/page"}],"author":[{"embeddable":true,"href":"https:\/\/www.evac.hu\/index.php\/wp-json\/wp\/v2\/users\/1"}],"replies":[{"embeddable":true,"href":"https:\/\/www.evac.hu\/index.php\/wp-json\/wp\/v2\/comments?post=221"}],"version-history":[{"count":12,"href":"https:\/\/www.evac.hu\/index.php\/wp-json\/wp\/v2\/pages\/221\/revisions"}],"predecessor-version":[{"id":372,"href":"https:\/\/www.evac.hu\/index.php\/wp-json\/wp\/v2\/pages\/221\/revisions\/372"}],"wp:attachment":[{"href":"https:\/\/www.evac.hu\/index.php\/wp-json\/wp\/v2\/media?parent=221"}],"curies":[{"name":"wp","href":"https:\/\/api.w.org\/{rel}","templated":true}]}}